{"id":41,"date":"2022-05-13T14:12:20","date_gmt":"2022-05-13T14:12:20","guid":{"rendered":"https:\/\/prismainmobiliaria.com.mx\/?page_id=41"},"modified":"2022-05-14T16:10:41","modified_gmt":"2022-05-14T16:10:41","slug":"acerca-de","status":"publish","type":"page","link":"https:\/\/prismainmobiliaria.com.mx\/index.php\/acerca-de\/","title":{"rendered":"Acerca de"},"content":{"rendered":"<p>[et_pb_section fb_built=&#8221;1&#8243; _builder_version=&#8221;4.17.4&#8243; _module_preset=&#8221;default&#8221; background_image=&#8221;https:\/\/prismainmobiliaria.com.mx\/wp-content\/uploads\/2022\/05\/img_tops6.jpg&#8221; border_width_bottom=&#8221;16px&#8221; border_color_bottom=&#8221;#81d8a6&#8243; global_colors_info=&#8221;{}&#8221; theme_builder_area=&#8221;post_content&#8221;][et_pb_row _builder_version=&#8221;4.16&#8243; _module_preset=&#8221;default&#8221; global_colors_info=&#8221;{}&#8221; theme_builder_area=&#8221;post_content&#8221;][et_pb_column type=&#8221;4_4&#8243; _builder_version=&#8221;4.16&#8243; _module_preset=&#8221;default&#8221; global_colors_info=&#8221;{}&#8221; theme_builder_area=&#8221;post_content&#8221;][et_pb_text _builder_version=&#8221;4.17.4&#8243; _module_preset=&#8221;default&#8221; header_2_font=&#8221;|700|||||||&#8221; header_2_text_color=&#8221;#FFFFFF&#8221; header_2_font_size=&#8221;40px&#8221; header_3_font=&#8221;|||||on|||&#8221; header_3_text_color=&#8221;#FFFFFF&#8221; custom_margin=&#8221;||0px|||&#8221; animation_style=&#8221;slide&#8221; animation_direction=&#8221;right&#8221; animation_intensity_slide=&#8221;10%&#8221; hover_enabled=&#8221;0&#8243; global_colors_info=&#8221;{}&#8221; theme_builder_area=&#8221;post_content&#8221; sticky_enabled=&#8221;0&#8243;]<\/p>\n<h2>Acerca de<\/h2>\n<p>[\/et_pb_text][\/et_pb_column][\/et_pb_row][\/et_pb_section][et_pb_section fb_built=&#8221;1&#8243; module_id=&#8221;acercade&#8221; _builder_version=&#8221;4.16&#8243; _module_preset=&#8221;default&#8221; use_background_color_gradient=&#8221;on&#8221; background_color_gradient_stops=&#8221;rgba(255,255,255,0) 70%|#ffffff 100%&#8221; background_color_gradient_start=&#8221;rgba(255,255,255,0)&#8221; background_color_gradient_start_position=&#8221;70%&#8221; background_color_gradient_end=&#8221;#ffffff&#8221; background_image=&#8221;https:\/\/prismainmobiliaria.com.mx\/wp-content\/uploads\/2022\/05\/fondo5cuadrosAlpha2.png&#8221; parallax=&#8221;on&#8221; locked=&#8221;off&#8221; global_colors_info=&#8221;{}&#8221;][et_pb_row column_structure=&#8221;1_2,1_2&#8243; _builder_version=&#8221;4.16&#8243; _module_preset=&#8221;default&#8221; global_colors_info=&#8221;{}&#8221;][et_pb_column type=&#8221;1_2&#8243; _builder_version=&#8221;4.16&#8243; _module_preset=&#8221;default&#8221; global_colors_info=&#8221;{}&#8221;][et_pb_text _builder_version=&#8221;4.17.4&#8243; _module_preset=&#8221;default&#8221; header_2_font=&#8221;|700|||||||&#8221; header_2_font_size=&#8221;40px&#8221; header_3_font=&#8221;|||||on|||&#8221; header_3_text_color=&#8221;#828282&#8243; custom_margin=&#8221;||0px|||&#8221; animation_style=&#8221;slide&#8221; animation_direction=&#8221;right&#8221; animation_intensity_slide=&#8221;10%&#8221; global_colors_info=&#8221;{}&#8221;]<\/p>\n<h3><\/h3>\n<h2>Prisma Inmobiliaria<\/h2>\n<p>[\/et_pb_text][et_pb_divider color=&#8221;#e2e2e2&#8243; divider_weight=&#8221;9px&#8221; _builder_version=&#8221;4.16&#8243; _module_preset=&#8221;default&#8221; custom_margin=&#8221;||2px|||&#8221; global_colors_info=&#8221;{}&#8221;][\/et_pb_divider][et_pb_text _builder_version=&#8221;4.17.4&#8243; _module_preset=&#8221;default&#8221; text_font_size=&#8221;16px&#8221; header_2_font=&#8221;|700|||||||&#8221; header_2_font_size=&#8221;40px&#8221; header_3_font=&#8221;|||||on|||&#8221; header_3_text_color=&#8221;#828282&#8243; hover_enabled=&#8221;0&#8243; global_colors_info=&#8221;{}&#8221; sticky_enabled=&#8221;0&#8243;]<\/p>\n<p style=\"text-align: justify;\">Somos una empresa dedicada a la Compra-Venta de bienes ra\u00edces, situada en la ciudad de Reynosa, Tamaulipas desde hace 7 a\u00f1os.<\/p>\n<p style=\"text-align: justify;\">Una empresa 100% establecida con asesores certificados, nos caracterizamos por tener la mejor atenci\u00f3n y servicio personalizado estando en el mercado como una de las empresas m\u00e1s innovadoras y profesionales en el ramo.<\/p>\n<p>[\/et_pb_text][et_pb_blurb title=&#8221;Misi\u00f3n&#8221; use_icon=&#8221;on&#8221; font_icon=&#8221;&#xe052;||divi||400&#8243; icon_color=&#8221;#cfe2d6&#8243; icon_placement=&#8221;left&#8221; _builder_version=&#8221;4.17.4&#8243; _module_preset=&#8221;default&#8221; header_font=&#8221;|700|||||||&#8221; header_font_size=&#8221;20px&#8221; body_font_size=&#8221;16px&#8221; animation_style=&#8221;slide&#8221; animation_direction=&#8221;right&#8221; animation_intensity_slide=&#8221;10%&#8221; global_colors_info=&#8221;{}&#8221; icon_color__hover_enabled=&#8221;on|hover&#8221; icon_color__hover=&#8221;#81d8a6&#8243;]<\/p>\n<p style=\"text-align: justify;\">Brindar un servicio de asesor\u00eda inmobiliaria personalizada orientada acuidar el patrimonio de nuestros clientes con \u00e9tica y profesionalismo, basados en nuestra experiencia y capacitaci\u00f3n en el sector.<\/p>\n<p>[\/et_pb_blurb][et_pb_blurb title=&#8221;Visi\u00f3n&#8221; use_icon=&#8221;on&#8221; font_icon=&#8221;&#xe052;||divi||400&#8243; icon_color=&#8221;#cfe2d6&#8243; icon_placement=&#8221;left&#8221; _builder_version=&#8221;4.17.4&#8243; _module_preset=&#8221;default&#8221; header_font=&#8221;|700|||||||&#8221; header_font_size=&#8221;20px&#8221; body_font_size=&#8221;16px&#8221; animation_style=&#8221;slide&#8221; animation_direction=&#8221;right&#8221; animation_intensity_slide=&#8221;10%&#8221; global_colors_info=&#8221;{}&#8221; icon_color__hover=&#8221;#81d8a6&#8243; icon_color__hover_enabled=&#8221;on|hover&#8221;]<\/p>\n<p style=\"text-align: justify;\">Ser una empresa l\u00edder con presencia y amplio reconocimiento en elmercado por su alta calidad en el servicio para quienes necesitan la ayudade una inmobiliaria, desde una relaci\u00f3n cercana y resolutiva ofreciendo laspropuestas mas innovadoras, para que nuestros clientes se sientanplenamente acompa\u00f1ados y asesorados durante todo el proceso decompra-venta.<\/p>\n<p>[\/et_pb_blurb][\/et_pb_column][et_pb_column type=&#8221;1_2&#8243; _builder_version=&#8221;4.16&#8243; _module_preset=&#8221;default&#8221; global_colors_info=&#8221;{}&#8221;][et_pb_image src=&#8221;https:\/\/prismainmobiliaria.com.mx\/wp-content\/uploads\/2022\/05\/img_acerca1.jpg&#8221; title_text=&#8221;foto3b&#8221; show_in_lightbox=&#8221;on&#8221; _builder_version=&#8221;4.17.4&#8243; _module_preset=&#8221;default&#8221; transform_translate_linked__hover=&#8221;off&#8221; animation_style=&#8221;flip&#8221; animation_direction=&#8221;right&#8221; animation_duration=&#8221;1550ms&#8221; border_radii=&#8221;off|30px||30px|&#8221; border_width_all=&#8221;14px&#8221; border_color_all=&#8221;#cfe2d6&#8243; box_shadow_style=&#8221;preset3&#8243; box_shadow_color=&#8221;rgba(0,0,0,0.53)&#8221; global_colors_info=&#8221;{}&#8221; transform_styles__hover_enabled=&#8221;off|desktop&#8221; transform_scale__hover_enabled=&#8221;off|desktop&#8221; transform_translate__hover_enabled=&#8221;off|desktop&#8221; transform_rotate__hover_enabled=&#8221;off|desktop&#8221; transform_skew__hover_enabled=&#8221;off|desktop&#8221; transform_origin__hover_enabled=&#8221;off|desktop&#8221; transform_translate__hover=&#8221;0px|-6px&#8221;][\/et_pb_image][et_pb_image src=&#8221;https:\/\/prismainmobiliaria.com.mx\/wp-content\/uploads\/2022\/05\/img_acerca2.jpg&#8221; title_text=&#8221;foto4&#8243; show_in_lightbox=&#8221;on&#8221; _builder_version=&#8221;4.17.4&#8243; _module_preset=&#8221;default&#8221; transform_translate_linked__hover=&#8221;off&#8221; animation_style=&#8221;flip&#8221; animation_direction=&#8221;right&#8221; animation_duration=&#8221;1550ms&#8221; border_radii=&#8221;off|30px||30px|&#8221; border_width_all=&#8221;14px&#8221; border_color_all=&#8221;#cfe2d6&#8243; box_shadow_style=&#8221;preset3&#8243; box_shadow_color=&#8221;rgba(0,0,0,0.53)&#8221; global_colors_info=&#8221;{}&#8221; transform_styles__hover_enabled=&#8221;off|desktop&#8221; transform_scale__hover_enabled=&#8221;off|desktop&#8221; transform_translate__hover=&#8221;0px|-6px&#8221; transform_translate__hover_enabled=&#8221;off|desktop&#8221; transform_rotate__hover_enabled=&#8221;off|desktop&#8221; transform_skew__hover_enabled=&#8221;off|desktop&#8221; transform_origin__hover_enabled=&#8221;off|desktop&#8221;][\/et_pb_image][\/et_pb_column][\/et_pb_row][\/et_pb_section][et_pb_section fb_built=&#8221;1&#8243; prev_background_color=&#8221;#ffffff&#8221; _builder_version=&#8221;4.17.4&#8243; _module_preset=&#8221;default&#8221; background_enable_color=&#8221;off&#8221; background_image=&#8221;https:\/\/prismainmobiliaria.com.mx\/wp-content\/uploads\/2022\/05\/fondo_slide2.jpg&#8221; parallax=&#8221;on&#8221; parallax_method=&#8221;off&#8221; custom_padding=&#8221;150px||103px|||&#8221; top_divider_style=&#8221;curve2&#8243; top_divider_height_tablet=&#8221;&#8221; top_divider_height_phone=&#8221;60px&#8221; top_divider_height_last_edited=&#8221;on|phone&#8221; locked=&#8221;off&#8221; global_colors_info=&#8221;{}&#8221;][et_pb_row column_structure=&#8221;1_3,1_3,1_3&#8243; use_custom_gutter=&#8221;on&#8221; gutter_width=&#8221;2&#8243; make_equal=&#8221;on&#8221; _builder_version=&#8221;4.16&#8243; _module_preset=&#8221;default&#8221; global_colors_info=&#8221;{}&#8221;][et_pb_column type=&#8221;1_3&#8243; _builder_version=&#8221;4.16&#8243; _module_preset=&#8221;default&#8221; background_color=&#8221;#FFFFFF&#8221; transform_translate_linked__hover=&#8221;off&#8221; custom_padding=&#8221;25px|17px|19px|17px|false|true&#8221; animation_style=&#8221;zoom&#8221; animation_duration=&#8221;1300ms&#8221; border_radii=&#8221;on|8px|8px|8px|8px&#8221; box_shadow_style=&#8221;preset1&#8243; box_shadow_color=&#8221;rgba(0,0,0,0.83)&#8221; global_colors_info=&#8221;{}&#8221; transform_styles__hover_enabled=&#8221;on|hover&#8221; transform_scale__hover_enabled=&#8221;on|hover&#8221; transform_translate__hover_enabled=&#8221;on|desktop&#8221; transform_rotate__hover_enabled=&#8221;on|desktop&#8221; transform_skew__hover_enabled=&#8221;on|desktop&#8221; transform_origin__hover_enabled=&#8221;on|desktop&#8221; transform_translate__hover=&#8221;0px|-7px&#8221; box_shadow_vertical__hover_enabled=&#8221;on|hover&#8221; box_shadow_vertical__hover=&#8221;9px&#8221;][et_pb_blurb title=&#8221;Trabajo en equipo&#8221; use_icon=&#8221;on&#8221; font_icon=&#8221;&#xf439;||fa||900&#8243; icon_color=&#8221;#FFFFFF&#8221; image_icon_background_color=&#8221;#81d8a6&#8243; image_icon_width=&#8221;48px&#8221; _builder_version=&#8221;4.17.4&#8243; _module_preset=&#8221;default&#8221; header_font_size=&#8221;20px&#8221; body_font_size=&#8221;16px&#8221; image_icon_custom_padding=&#8221;25px|25px|25px|25px|false|false&#8221; border_radii_image=&#8221;on|100%|100%|100%|100%&#8221; border_width_all_image=&#8221;3px&#8221; border_color_all_image=&#8221;#cccccc&#8221; use_circle=&#8221;on&#8221; use_circle_border=&#8221;on&#8221; circle_border_color=&#8221;#cccccc&#8221; circle_color=&#8221;#E09900&#8243; global_colors_info=&#8221;{}&#8221; image_icon_background_color__sticky_enabled=&#8221;#7EBEC5&#8243; image_icon_background_color__sticky=&#8221;#7EBEC5&#8243;]<\/p>\n<p style=\"text-align: justify;\">Fomentamos la participaci\u00f3n de todos para lograr unobjetivo com\u00fan, bajo conducta \u00e9tica, profesionalismo, integridad moral,lealtad y respeto hacia nuestros clientes.<\/p>\n<p>[\/et_pb_blurb][\/et_pb_column][et_pb_column type=&#8221;1_3&#8243; _builder_version=&#8221;4.16&#8243; _module_preset=&#8221;default&#8221; background_color=&#8221;#FFFFFF&#8221; transform_translate_linked__hover=&#8221;off&#8221; custom_padding=&#8221;25px|17px|19px|17px|false|true&#8221; animation_style=&#8221;zoom&#8221; animation_duration=&#8221;1300ms&#8221; animation_delay=&#8221;500ms&#8221; animation_delay_tablet=&#8221;&#8221; animation_delay_phone=&#8221;0ms&#8221; animation_delay_last_edited=&#8221;on|phone&#8221; border_radii=&#8221;on|8px|8px|8px|8px&#8221; box_shadow_style=&#8221;preset1&#8243; box_shadow_color=&#8221;rgba(0,0,0,0.83)&#8221; global_colors_info=&#8221;{}&#8221; transform_styles__hover_enabled=&#8221;on|hover&#8221; transform_scale__hover_enabled=&#8221;on|hover&#8221; transform_translate__hover=&#8221;0px|-7px&#8221; transform_translate__hover_enabled=&#8221;on|desktop&#8221; transform_rotate__hover_enabled=&#8221;on|desktop&#8221; transform_skew__hover_enabled=&#8221;on|desktop&#8221; transform_origin__hover_enabled=&#8221;on|desktop&#8221; box_shadow_vertical__hover=&#8221;9px&#8221; box_shadow_vertical__hover_enabled=&#8221;on|hover&#8221;][et_pb_blurb title=&#8221;Orientaci\u00f3n al cliente&#8221; use_icon=&#8221;on&#8221; font_icon=&#8221;&#xf075;||fa||900&#8243; icon_color=&#8221;#FFFFFF&#8221; image_icon_background_color=&#8221;#81d8a6&#8243; image_icon_width=&#8221;48px&#8221; _builder_version=&#8221;4.17.4&#8243; _module_preset=&#8221;default&#8221; header_font_size=&#8221;20px&#8221; body_font_size=&#8221;16px&#8221; image_icon_custom_padding=&#8221;25px|25px|25px|25px|false|false&#8221; border_radii_image=&#8221;on|100%|100%|100%|100%&#8221; border_width_all_image=&#8221;3px&#8221; border_color_all_image=&#8221;#cccccc&#8221; use_circle=&#8221;on&#8221; use_circle_border=&#8221;on&#8221; circle_border_color=&#8221;#cccccc&#8221; circle_color=&#8221;#E09900&#8243; global_colors_info=&#8221;{}&#8221; image_icon_background_color__sticky_enabled=&#8221;#7EBEC5&#8243; image_icon_background_color__sticky=&#8221;#7EBEC5&#8243;]<\/p>\n<p style=\"text-align: justify;\">Centramos nuestro esfuerzo en la satisfacci\u00f3n delcliente, aportando soluciones competitivas de calidad y transparencia.<\/p>\n<p>[\/et_pb_blurb][\/et_pb_column][et_pb_column type=&#8221;1_3&#8243; _builder_version=&#8221;4.16&#8243; _module_preset=&#8221;default&#8221; background_color=&#8221;#FFFFFF&#8221; transform_translate_linked__hover=&#8221;off&#8221; custom_padding=&#8221;25px|17px|19px|17px|false|true&#8221; animation_style=&#8221;zoom&#8221; animation_duration=&#8221;1300ms&#8221; animation_delay=&#8221;1000ms&#8221; animation_delay_tablet=&#8221;&#8221; animation_delay_phone=&#8221;0ms&#8221; animation_delay_last_edited=&#8221;on|phone&#8221; border_radii=&#8221;on|8px|8px|8px|8px&#8221; box_shadow_style=&#8221;preset1&#8243; box_shadow_color=&#8221;rgba(0,0,0,0.83)&#8221; global_colors_info=&#8221;{}&#8221; transform_styles__hover_enabled=&#8221;on|hover&#8221; transform_scale__hover_enabled=&#8221;on|hover&#8221; transform_translate__hover=&#8221;0px|-7px&#8221; transform_translate__hover_enabled=&#8221;on|desktop&#8221; transform_rotate__hover_enabled=&#8221;on|desktop&#8221; transform_skew__hover_enabled=&#8221;on|desktop&#8221; transform_origin__hover_enabled=&#8221;on|desktop&#8221; box_shadow_vertical__hover=&#8221;9px&#8221; box_shadow_vertical__hover_enabled=&#8221;on|hover&#8221;][et_pb_blurb title=&#8221;Innovaci\u00f3n&#8221; use_icon=&#8221;on&#8221; font_icon=&#8221;&#xf381;||fa||900&#8243; icon_color=&#8221;#FFFFFF&#8221; image_icon_background_color=&#8221;#81d8a6&#8243; image_icon_width=&#8221;48px&#8221; _builder_version=&#8221;4.17.4&#8243; _module_preset=&#8221;default&#8221; header_font_size=&#8221;20px&#8221; body_font_size=&#8221;16px&#8221; image_icon_custom_padding=&#8221;25px|25px|25px|25px|false|false&#8221; border_radii_image=&#8221;on|100%|100%|100%|100%&#8221; border_width_all_image=&#8221;3px&#8221; border_color_all_image=&#8221;#cccccc&#8221; use_circle=&#8221;on&#8221; use_circle_border=&#8221;on&#8221; circle_border_color=&#8221;#cccccc&#8221; circle_color=&#8221;#E09900&#8243; global_colors_info=&#8221;{}&#8221; image_icon_background_color__sticky_enabled=&#8221;#7EBEC5&#8243; image_icon_background_color__sticky=&#8221;#7EBEC5&#8243;]<\/p>\n<p style=\"text-align: justify;\">Promovemos mejoras continuas e innovaci\u00f3n para alcanzarla m\u00e1xima calidad de criterios de rentabilidad.<\/p>\n<p>[\/et_pb_blurb][\/et_pb_column][\/et_pb_row][\/et_pb_section]<\/p>\n","protected":false},"excerpt":{"rendered":"<p>Acerca de Prisma InmobiliariaSomos una empresa dedicada a la Compra-Venta de bienes ra\u00edces, situada en la ciudad de Reynosa, Tamaulipas desde hace 7 a\u00f1os. Una empresa 100% establecida con asesores certificados, nos caracterizamos por tener la mejor atenci\u00f3n y servicio personalizado estando en el mercado como una de las empresas m\u00e1s innovadoras y profesionales en [&hellip;]<\/p>\n","protected":false},"author":1,"featured_media":0,"parent":0,"menu_order":0,"comment_status":"closed","ping_status":"closed","template":"","meta":{"_et_pb_use_builder":"on","_et_pb_old_content":"","_et_gb_content_width":"","footnotes":""},"class_list":["post-41","page","type-page","status-publish","hentry"],"_links":{"self":[{"href":"https:\/\/prismainmobiliaria.com.mx\/index.php\/wp-json\/wp\/v2\/pages\/41","targetHints":{"allow":["GET"]}}],"collection":[{"href":"https:\/\/prismainmobiliaria.com.mx\/index.php\/wp-json\/wp\/v2\/pages"}],"about":[{"href":"https:\/\/prismainmobiliaria.com.mx\/index.php\/wp-json\/wp\/v2\/types\/page"}],"author":[{"embeddable":true,"href":"https:\/\/prismainmobiliaria.com.mx\/index.php\/wp-json\/wp\/v2\/users\/1"}],"replies":[{"embeddable":true,"href":"https:\/\/prismainmobiliaria.com.mx\/index.php\/wp-json\/wp\/v2\/comments?post=41"}],"version-history":[{"count":11,"href":"https:\/\/prismainmobiliaria.com.mx\/index.php\/wp-json\/wp\/v2\/pages\/41\/revisions"}],"predecessor-version":[{"id":190,"href":"https:\/\/prismainmobiliaria.com.mx\/index.php\/wp-json\/wp\/v2\/pages\/41\/revisions\/190"}],"wp:attachment":[{"href":"https:\/\/prismainmobiliaria.com.mx\/index.php\/wp-json\/wp\/v2\/media?parent=41"}],"curies":[{"name":"wp","href":"https:\/\/api.w.org\/{rel}","templated":true}]}}